{"id":119,"date":"2024-10-24T19:34:11","date_gmt":"2024-10-24T17:34:11","guid":{"rendered":"https:\/\/laplainedespossibles.fr\/?page_id=119"},"modified":"2025-01-21T15:11:15","modified_gmt":"2025-01-21T14:11:15","slug":"https-istyacompetences-notion-site-1668ef39b24e41feb5967415adf0ac88vfeee0384626f445780114176efe50b59pvs4","status":"publish","type":"page","link":"https:\/\/laplainedespossibles.fr\/index.php\/https-istyacompetences-notion-site-1668ef39b24e41feb5967415adf0ac88vfeee0384626f445780114176efe50b59pvs4\/","title":{"rendered":"Ateliers et Formations"},"content":{"rendered":"\t\t<div data-elementor-type=\"wp-page\" data-elementor-id=\"119\" class=\"elementor elementor-119\">\n\t\t\t\t<div class=\"elementor-element elementor-element-001069c e-flex e-con-boxed e-con e-parent\" data-id=\"001069c\" data-element_type=\"container\">\n\t\t\t\t\t<div class=\"e-con-inner\">\n\t\t\t\t<div class=\"elementor-element elementor-element-5f00887 elementor-widget elementor-widget-spacer\" data-id=\"5f00887\" data-element_type=\"widget\" data-widget_type=\"spacer.default\">\n\t\t\t\t<div class=\"elementor-widget-container\">\n\t\t\t\t\t<div class=\"elementor-spacer\">\n\t\t\t<div class=\"elementor-spacer-inner\"><\/div>\n\t\t<\/div>\n\t\t\t\t<\/div>\n\t\t\t\t<\/div>\n\t\t\t\t<div class=\"elementor-element elementor-element-8acd055 elementor-widget elementor-widget-text-editor\" data-id=\"8acd055\" data-element_type=\"widget\" data-widget_type=\"text-editor.default\">\n\t\t\t\t<div class=\"elementor-widget-container\">\n\t\t\t\t\t\t\t<h3>D\u00e9couvrez nos ateliers et formations : un voyage vers le d\u00e9veloppement et la ma\u00eetrise de nouvelles comp\u00e9tences<\/h3><p>\u00c0 <em>La Plaine des Possibles<\/em>, nous croyons que chaque personne a le pouvoir de grandir, d&rsquo;apprendre et de se r\u00e9inventer. Nos ateliers et formations sont con\u00e7us pour vous offrir bien plus que des connaissances : ils sont une invitation \u00e0 explorer votre plein potentiel.<\/p><p>Que vous soyez entrepreneur en qu\u00eate d&rsquo;outils innovants, salari\u00e9 cherchant \u00e0 enrichir vos comp\u00e9tences, ou simplement curieux de nouvelles perspectives, nos programmes vous ouvrent des horizons.<\/p><p>Au programme : <strong>intelligence artificielle<\/strong>, <strong>outils no-code<\/strong>, <strong>d\u00e9veloppement personnel<\/strong>, et bien d&rsquo;autres th\u00e9matiques pens\u00e9es pour vous accompagner dans votre \u00e9panouissement professionnel et personnel. Chaque session, anim\u00e9e par des experts passionn\u00e9s, se d\u00e9roule dans un cadre chaleureux, propice \u00e0 l\u2019\u00e9change et \u00e0 la r\u00e9flexion.<\/p><p>Rejoignez-nous pour cultiver vos ambitions et faire de chaque \u00e9tape un tremplin vers vos objectifs. Ici, tout est possible.<\/p>\t\t\t\t\t\t<\/div>\n\t\t\t\t<\/div>\n\t\t\t\t<div class=\"elementor-element elementor-element-f663be5 elementor-widget elementor-widget-spacer\" data-id=\"f663be5\" data-element_type=\"widget\" data-widget_type=\"spacer.default\">\n\t\t\t\t<div class=\"elementor-widget-container\">\n\t\t\t\t\t<div class=\"elementor-spacer\">\n\t\t\t<div class=\"elementor-spacer-inner\"><\/div>\n\t\t<\/div>\n\t\t\t\t<\/div>\n\t\t\t\t<\/div>\n\t\t\t\t<div class=\"elementor-element elementor-element-b17459b elementor-widget elementor-widget-html\" data-id=\"b17459b\" data-element_type=\"widget\" data-widget_type=\"html.default\">\n\t\t\t\t<div class=\"elementor-widget-container\">\n\t\t\t<div style=\"position: relative; width: 100%; height: 0; padding-top: 56.2500%;\n padding-bottom: 0; box-shadow: 0 2px 8px 0 rgba(63,69,81,0.16); margin-top: 1.6em; margin-bottom: 0.9em; overflow: hidden;\n border-radius: 8px; will-change: transform;\">\n  <iframe loading=\"lazy\" style=\"position: absolute; width: 100%; height: 100%; top: 0; left: 0; border: none; padding: 0;margin: 0;\"\n    src=\"https:\/\/www.canva.com\/design\/DAGc0EkVYhU\/TdnIhSHLjKloRgKgntHOXw\/view?embed\" allowfullscreen=\"allowfullscreen\" allow=\"fullscreen\">\n  <\/iframe>\n<\/div>\n<a href=\"https:&#x2F;&#x2F;www.canva.com&#x2F;design&#x2F;DAGc0EkVYhU&#x2F;TdnIhSHLjKloRgKgntHOXw&#x2F;view?utm_content=DAGc0EkVYhU&amp;utm_campaign=designshare&amp;utm_medium=embeds&amp;utm_source=link\" target=\"_blank\" rel=\"noopener\">La formation<\/a> par CELINE DIONIGI\t\t<\/div>\n\t\t\t\t<\/div>\n\t\t\t\t\t<\/div>\n\t\t\t\t<\/div>\n\t\t<div class=\"elementor-element elementor-element-a5895da e-flex e-con-boxed e-con e-parent\" data-id=\"a5895da\" data-element_type=\"container\">\n\t\t\t\t\t<div class=\"e-con-inner\">\n\t\t\t\t<div class=\"elementor-element elementor-element-f2e02b5 elementor-align-center elementor-widget elementor-widget-button\" data-id=\"f2e02b5\" data-element_type=\"widget\" data-widget_type=\"button.default\">\n\t\t\t\t<div class=\"elementor-widget-container\">\n\t\t\t\t\t<div class=\"elementor-button-wrapper\">\n\t\t\t<a class=\"elementor-button elementor-button-link elementor-size-sm\" href=\"https:\/\/istyacompetences.notion.site\/Les-ateliers-12926b7786278011b454f84c7405d31c?pvs=4\">\n\t\t\t\t\t\t<span class=\"elementor-button-content-wrapper\">\n\t\t\t\t\t\t\t\t\t<span class=\"elementor-button-text\">D\u00e9couvrez nos ateliers<\/span>\n\t\t\t\t\t<\/span>\n\t\t\t\t\t<\/a>\n\t\t<\/div>\n\t\t\t\t<\/div>\n\t\t\t\t<\/div>\n\t\t\t\t\t<\/div>\n\t\t\t\t<\/div>\n\t\t<div class=\"elementor-element elementor-element-4fa05d0 e-flex e-con-boxed e-con e-parent\" data-id=\"4fa05d0\" data-element_type=\"container\">\n\t\t\t\t\t<div class=\"e-con-inner\">\n\t\t\t\t<div class=\"elementor-element elementor-element-4fb13d8 elementor-widget elementor-widget-spacer\" data-id=\"4fb13d8\" data-element_type=\"widget\" data-widget_type=\"spacer.default\">\n\t\t\t\t<div class=\"elementor-widget-container\">\n\t\t\t\t\t<div class=\"elementor-spacer\">\n\t\t\t<div class=\"elementor-spacer-inner\"><\/div>\n\t\t<\/div>\n\t\t\t\t<\/div>\n\t\t\t\t<\/div>\n\t\t\t\t\t<\/div>\n\t\t\t\t<\/div>\n\t\t\t\t<\/div>\n\t\t","protected":false},"excerpt":{"rendered":"<p>D\u00e9couvrez nos ateliers et formations : un voyage vers le d\u00e9veloppement et la ma\u00eetrise de nouvelles comp\u00e9tences \u00c0 La Plaine des Possibles, nous croyons que chaque personne a le pouvoir de grandir, d&rsquo;apprendre et de se r\u00e9inventer. Nos ateliers et formations sont con\u00e7us pour vous offrir bien plus que des connaissances : ils sont une [&hellip;]<\/p>\n","protected":false},"author":1,"featured_media":0,"parent":0,"menu_order":0,"comment_status":"closed","ping_status":"closed","template":"","meta":{"footnotes":""},"class_list":["post-119","page","type-page","status-publish","hentry"],"_links":{"self":[{"href":"https:\/\/laplainedespossibles.fr\/index.php\/wp-json\/wp\/v2\/pages\/119","targetHints":{"allow":["GET"]}}],"collection":[{"href":"https:\/\/laplainedespossibles.fr\/index.php\/wp-json\/wp\/v2\/pages"}],"about":[{"href":"https:\/\/laplainedespossibles.fr\/index.php\/wp-json\/wp\/v2\/types\/page"}],"author":[{"embeddable":true,"href":"https:\/\/laplainedespossibles.fr\/index.php\/wp-json\/wp\/v2\/users\/1"}],"replies":[{"embeddable":true,"href":"https:\/\/laplainedespossibles.fr\/index.php\/wp-json\/wp\/v2\/comments?post=119"}],"version-history":[{"count":34,"href":"https:\/\/laplainedespossibles.fr\/index.php\/wp-json\/wp\/v2\/pages\/119\/revisions"}],"predecessor-version":[{"id":281,"href":"https:\/\/laplainedespossibles.fr\/index.php\/wp-json\/wp\/v2\/pages\/119\/revisions\/281"}],"wp:attachment":[{"href":"https:\/\/laplainedespossibles.fr\/index.php\/wp-json\/wp\/v2\/media?parent=119"}],"curies":[{"name":"wp","href":"https:\/\/api.w.org\/{rel}","templated":true}]}}