{"id":60,"date":"2024-10-24T12:31:31","date_gmt":"2024-10-24T10:31:31","guid":{"rendered":"http:\/\/laplainedespossibles.fr\/index.php\/home\/"},"modified":"2024-11-28T16:51:33","modified_gmt":"2024-11-28T15:51:33","slug":"home","status":"publish","type":"page","link":"https:\/\/laplainedespossibles.fr\/","title":{"rendered":"Home"},"content":{"rendered":"\t\t<div data-elementor-type=\"wp-page\" data-elementor-id=\"60\" class=\"elementor elementor-60\">\n\t\t\t\t<div class=\"elementor-element elementor-element-7426c920 e-flex e-con-boxed e-con e-parent\" data-id=\"7426c920\" data-element_type=\"container\" data-settings=\"{&quot;background_background&quot;:&quot;classic&quot;}\">\n\t\t\t\t\t<div class=\"e-con-inner\">\n\t\t\t\t<div class=\"elementor-element elementor-element-4a0fd027 elementor-widget elementor-widget-heading\" data-id=\"4a0fd027\" data-element_type=\"widget\" data-widget_type=\"heading.default\">\n\t\t\t\t<div class=\"elementor-widget-container\">\n\t\t\t<h1 class=\"elementor-heading-title elementor-size-default\">La plaine des possibles<\/h1>\t\t<\/div>\n\t\t\t\t<\/div>\n\t\t\t\t<div class=\"elementor-element elementor-element-505bff5e elementor-widget elementor-widget-heading\" data-id=\"505bff5e\" data-element_type=\"widget\" data-widget_type=\"heading.default\">\n\t\t\t\t<div class=\"elementor-widget-container\">\n\t\t\t<h5 class=\"elementor-heading-title elementor-size-default\">Un lieu unique de coworking et de formation au c\u0153ur de la plaine dijonnaise. Bureaux partag\u00e9s, formations innovantes, et bilan de comp\u00e9tences : tout ce dont vous avez besoin pour d\u00e9velopper vos projets dans un cadre inspirant, au plus pr\u00e8s de la nature.<\/h5>\t\t<\/div>\n\t\t\t\t<\/div>\n\t\t\t\t\t<\/div>\n\t\t\t\t<\/div>\n\t\t<div class=\"elementor-element elementor-element-3034535b e-con-full e-flex e-con e-parent\" data-id=\"3034535b\" data-element_type=\"container\">\n\t\t<div class=\"elementor-element elementor-element-6a263b30 e-con-full e-flex e-con e-child\" data-id=\"6a263b30\" data-element_type=\"container\">\n\t\t\t\t<div class=\"elementor-element elementor-element-39b4cc8f elementor-widget elementor-widget-heading\" data-id=\"39b4cc8f\" data-element_type=\"widget\" data-widget_type=\"heading.default\">\n\t\t\t\t<div class=\"elementor-widget-container\">\n\t\t\t<h2 class=\"elementor-heading-title elementor-size-default\">Bienvenu.e<\/h2>\t\t<\/div>\n\t\t\t\t<\/div>\n\t\t\t\t<div class=\"elementor-element elementor-element-2ef045f7 elementor-widget elementor-widget-heading\" data-id=\"2ef045f7\" data-element_type=\"widget\" data-widget_type=\"heading.default\">\n\t\t\t\t<div class=\"elementor-widget-container\">\n\t\t\t<h5 class=\"elementor-heading-title elementor-size-default\">Explorez, cr\u00e9ez, \u00e9voluez.<\/h5>\t\t<\/div>\n\t\t\t\t<\/div>\n\t\t\t\t<div class=\"elementor-element elementor-element-6cca1cbf elementor-widget elementor-widget-text-editor\" data-id=\"6cca1cbf\" data-element_type=\"widget\" data-widget_type=\"text-editor.default\">\n\t\t\t\t<div class=\"elementor-widget-container\">\n\t\t\t\t\t\t\t<p><em>La Plaine des Possibles<\/em>, c\u2019est bien plus qu\u2019un espace de travail partag\u00e9.<\/p><p>C\u2019est un lieu o\u00f9 la cr\u00e9ativit\u00e9, la collaboration et le d\u00e9veloppement personnel prennent vie, au c\u0153ur de la campagne dijonnaise.<\/p><p>Que vous soyez entrepreneur, travailleur ind\u00e9pendant ou en reconversion professionnelle, vous trouverez ici un espace propice \u00e0 la concentration et \u00e0 l\u2019innovation.<\/p>\t\t\t\t\t\t<\/div>\n\t\t\t\t<\/div>\n\t\t\t\t<\/div>\n\t\t<div class=\"elementor-element elementor-element-5b47e6ab e-con-full e-flex e-con e-child\" data-id=\"5b47e6ab\" data-element_type=\"container\">\n\t\t\t\t<div class=\"elementor-element elementor-element-3f9683f3 elementor-widget elementor-widget-image\" data-id=\"3f9683f3\" data-element_type=\"widget\" data-widget_type=\"image.default\">\n\t\t\t\t<div class=\"elementor-widget-container\">\n\t\t\t\t\t\t\t\t\t\t\t\t\t<img fetchpriority=\"high\" decoding=\"async\" width=\"800\" height=\"800\" src=\"https:\/\/laplainedespossibles.fr\/wp-content\/uploads\/2024\/11\/Photos-local-2-1024x1024.png\" class=\"attachment-large size-large wp-image-185\" alt=\"\" srcset=\"https:\/\/laplainedespossibles.fr\/wp-content\/uploads\/2024\/11\/Photos-local-2-1024x1024.png 1024w, https:\/\/laplainedespossibles.fr\/wp-content\/uploads\/2024\/11\/Photos-local-2-300x300.png 300w, https:\/\/laplainedespossibles.fr\/wp-content\/uploads\/2024\/11\/Photos-local-2-150x150.png 150w, https:\/\/laplainedespossibles.fr\/wp-content\/uploads\/2024\/11\/Photos-local-2-768x768.png 768w, https:\/\/laplainedespossibles.fr\/wp-content\/uploads\/2024\/11\/Photos-local-2.png 1080w\" sizes=\"(max-width: 800px) 100vw, 800px\" \/>\t\t\t\t\t\t\t\t\t\t\t\t\t<\/div>\n\t\t\t\t<\/div>\n\t\t\t\t<\/div>\n\t\t\t\t<\/div>\n\t\t<div class=\"elementor-element elementor-element-a0f57ec e-con-full e-flex e-con e-parent\" data-id=\"a0f57ec\" data-element_type=\"container\">\n\t\t\t\t<div class=\"elementor-element elementor-element-49b32ff7 elementor-widget elementor-widget-heading\" data-id=\"49b32ff7\" data-element_type=\"widget\" data-widget_type=\"heading.default\">\n\t\t\t\t<div class=\"elementor-widget-container\">\n\t\t\t<h2 class=\"elementor-heading-title elementor-size-default\">Nos services<\/h2>\t\t<\/div>\n\t\t\t\t<\/div>\n\t\t\t\t<div class=\"elementor-element elementor-element-14af53d elementor-widget elementor-widget-spacer\" data-id=\"14af53d\" data-element_type=\"widget\" data-widget_type=\"spacer.default\">\n\t\t\t\t<div class=\"elementor-widget-container\">\n\t\t\t\t\t<div class=\"elementor-spacer\">\n\t\t\t<div class=\"elementor-spacer-inner\"><\/div>\n\t\t<\/div>\n\t\t\t\t<\/div>\n\t\t\t\t<\/div>\n\t\t\t\t<\/div>\n\t\t<div class=\"elementor-element elementor-element-ee38c90 e-flex e-con-boxed e-con e-parent\" data-id=\"ee38c90\" data-element_type=\"container\">\n\t\t\t\t\t<div class=\"e-con-inner\">\n\t\t<div class=\"elementor-element elementor-element-e82875e e-con-full e-flex e-con e-child\" data-id=\"e82875e\" data-element_type=\"container\">\n\t\t\t\t<div class=\"elementor-element elementor-element-8951f92 elementor-widget elementor-widget-text-editor\" data-id=\"8951f92\" data-element_type=\"widget\" data-widget_type=\"text-editor.default\">\n\t\t\t\t<div class=\"elementor-widget-container\">\n\t\t\t\t\t\t\t<h5>Espaces de coworking<\/h5>\t\t\t\t\t\t<\/div>\n\t\t\t\t<\/div>\n\t\t\t\t<div class=\"elementor-element elementor-element-6787306 elementor-widget elementor-widget-text-editor\" data-id=\"6787306\" data-element_type=\"widget\" data-widget_type=\"text-editor.default\">\n\t\t\t\t<div class=\"elementor-widget-container\">\n\t\t\t\t\t\t\t<p>Des bureaux partag\u00e9s ou privatifs adapt\u00e9s \u00e0 vos besoins, pour travailler sereinement.\u00a0<\/p>\t\t\t\t\t\t<\/div>\n\t\t\t\t<\/div>\n\t\t\t\t<div class=\"elementor-element elementor-element-9999140 elementor-widget elementor-widget-image\" data-id=\"9999140\" data-element_type=\"widget\" data-widget_type=\"image.default\">\n\t\t\t\t<div class=\"elementor-widget-container\">\n\t\t\t\t\t\t\t\t\t\t\t\t\t<img decoding=\"async\" width=\"800\" height=\"800\" src=\"https:\/\/laplainedespossibles.fr\/wp-content\/uploads\/2024\/10\/Copie-de-Sans-titre-1-1024x1024.png\" class=\"attachment-large size-large wp-image-130\" alt=\"\" srcset=\"https:\/\/laplainedespossibles.fr\/wp-content\/uploads\/2024\/10\/Copie-de-Sans-titre-1-1024x1024.png 1024w, https:\/\/laplainedespossibles.fr\/wp-content\/uploads\/2024\/10\/Copie-de-Sans-titre-1-300x300.png 300w, https:\/\/laplainedespossibles.fr\/wp-content\/uploads\/2024\/10\/Copie-de-Sans-titre-1-150x150.png 150w, https:\/\/laplainedespossibles.fr\/wp-content\/uploads\/2024\/10\/Copie-de-Sans-titre-1-768x768.png 768w, https:\/\/laplainedespossibles.fr\/wp-content\/uploads\/2024\/10\/Copie-de-Sans-titre-1.png 1080w\" sizes=\"(max-width: 800px) 100vw, 800px\" \/>\t\t\t\t\t\t\t\t\t\t\t\t\t<\/div>\n\t\t\t\t<\/div>\n\t\t\t\t<\/div>\n\t\t<div class=\"elementor-element elementor-element-f1dff1e e-con-full e-flex e-con e-child\" data-id=\"f1dff1e\" data-element_type=\"container\">\n\t\t\t\t<div class=\"elementor-element elementor-element-7696a7e elementor-widget elementor-widget-text-editor\" data-id=\"7696a7e\" data-element_type=\"widget\" data-widget_type=\"text-editor.default\">\n\t\t\t\t<div class=\"elementor-widget-container\">\n\t\t\t\t\t\t\t<h5>Salle de r\u00e9union<\/h5>\t\t\t\t\t\t<\/div>\n\t\t\t\t<\/div>\n\t\t\t\t<div class=\"elementor-element elementor-element-ab32a22 elementor-widget elementor-widget-text-editor\" data-id=\"ab32a22\" data-element_type=\"widget\" data-widget_type=\"text-editor.default\">\n\t\t\t\t<div class=\"elementor-widget-container\">\n\t\t\t\t\t\t\t<p>Une salle moderne et \u00e9quip\u00e9e pour accueillir vos r\u00e9unions, formations ou \u00e9v\u00e9nements professionnels.<\/p>\t\t\t\t\t\t<\/div>\n\t\t\t\t<\/div>\n\t\t\t\t<div class=\"elementor-element elementor-element-92b86b8 elementor-widget elementor-widget-image\" data-id=\"92b86b8\" data-element_type=\"widget\" data-widget_type=\"image.default\">\n\t\t\t\t<div class=\"elementor-widget-container\">\n\t\t\t\t\t\t\t\t\t\t\t\t\t<img decoding=\"async\" width=\"800\" height=\"800\" src=\"https:\/\/laplainedespossibles.fr\/wp-content\/uploads\/2024\/10\/Copie-de-Sans-titre-5-1024x1024.png\" class=\"attachment-large size-large wp-image-131\" alt=\"\" srcset=\"https:\/\/laplainedespossibles.fr\/wp-content\/uploads\/2024\/10\/Copie-de-Sans-titre-5-1024x1024.png 1024w, https:\/\/laplainedespossibles.fr\/wp-content\/uploads\/2024\/10\/Copie-de-Sans-titre-5-300x300.png 300w, https:\/\/laplainedespossibles.fr\/wp-content\/uploads\/2024\/10\/Copie-de-Sans-titre-5-150x150.png 150w, https:\/\/laplainedespossibles.fr\/wp-content\/uploads\/2024\/10\/Copie-de-Sans-titre-5-768x768.png 768w, https:\/\/laplainedespossibles.fr\/wp-content\/uploads\/2024\/10\/Copie-de-Sans-titre-5.png 1080w\" sizes=\"(max-width: 800px) 100vw, 800px\" \/>\t\t\t\t\t\t\t\t\t\t\t\t\t<\/div>\n\t\t\t\t<\/div>\n\t\t\t\t<\/div>\n\t\t<div class=\"elementor-element elementor-element-6a2779a e-con-full e-flex e-con e-child\" data-id=\"6a2779a\" data-element_type=\"container\">\n\t\t\t\t<div class=\"elementor-element elementor-element-b465ab2 elementor-widget elementor-widget-text-editor\" data-id=\"b465ab2\" data-element_type=\"widget\" data-widget_type=\"text-editor.default\">\n\t\t\t\t<div class=\"elementor-widget-container\">\n\t\t\t\t\t\t\t<h5>Formations et ateliers<\/h5>\t\t\t\t\t\t<\/div>\n\t\t\t\t<\/div>\n\t\t\t\t<div class=\"elementor-element elementor-element-5965da2 elementor-widget elementor-widget-text-editor\" data-id=\"5965da2\" data-element_type=\"widget\" data-widget_type=\"text-editor.default\">\n\t\t\t\t<div class=\"elementor-widget-container\">\n\t\t\t\t\t\t\t<p>Participez \u00e0 des ateliers ou des formations pour booster vos comp\u00e9tences.<\/p>\t\t\t\t\t\t<\/div>\n\t\t\t\t<\/div>\n\t\t\t\t<div class=\"elementor-element elementor-element-72d6f69 elementor-widget elementor-widget-image\" data-id=\"72d6f69\" data-element_type=\"widget\" data-widget_type=\"image.default\">\n\t\t\t\t<div class=\"elementor-widget-container\">\n\t\t\t\t\t\t\t\t\t\t\t\t\t<img loading=\"lazy\" decoding=\"async\" width=\"800\" height=\"800\" src=\"https:\/\/laplainedespossibles.fr\/wp-content\/uploads\/2024\/10\/Copie-de-Sans-titre-6-1024x1024.png\" class=\"attachment-large size-large wp-image-132\" alt=\"\" srcset=\"https:\/\/laplainedespossibles.fr\/wp-content\/uploads\/2024\/10\/Copie-de-Sans-titre-6-1024x1024.png 1024w, https:\/\/laplainedespossibles.fr\/wp-content\/uploads\/2024\/10\/Copie-de-Sans-titre-6-300x300.png 300w, https:\/\/laplainedespossibles.fr\/wp-content\/uploads\/2024\/10\/Copie-de-Sans-titre-6-150x150.png 150w, https:\/\/laplainedespossibles.fr\/wp-content\/uploads\/2024\/10\/Copie-de-Sans-titre-6-768x768.png 768w, https:\/\/laplainedespossibles.fr\/wp-content\/uploads\/2024\/10\/Copie-de-Sans-titre-6.png 1080w\" sizes=\"(max-width: 800px) 100vw, 800px\" \/>\t\t\t\t\t\t\t\t\t\t\t\t\t<\/div>\n\t\t\t\t<\/div>\n\t\t\t\t<\/div>\n\t\t\t\t\t<\/div>\n\t\t\t\t<\/div>\n\t\t<div class=\"elementor-element elementor-element-7bf3bb9 e-flex e-con-boxed e-con e-parent\" data-id=\"7bf3bb9\" data-element_type=\"container\">\n\t\t\t\t\t<div class=\"e-con-inner\">\n\t\t\t\t<div class=\"elementor-element elementor-element-452e609 elementor-widget elementor-widget-spacer\" data-id=\"452e609\" data-element_type=\"widget\" data-widget_type=\"spacer.default\">\n\t\t\t\t<div class=\"elementor-widget-container\">\n\t\t\t\t\t<div class=\"elementor-spacer\">\n\t\t\t<div class=\"elementor-spacer-inner\"><\/div>\n\t\t<\/div>\n\t\t\t\t<\/div>\n\t\t\t\t<\/div>\n\t\t\t\t\t<\/div>\n\t\t\t\t<\/div>\n\t\t<div class=\"elementor-element elementor-element-3e2ec4a e-flex e-con-boxed e-con e-parent\" data-id=\"3e2ec4a\" data-element_type=\"container\">\n\t\t\t\t\t<div class=\"e-con-inner\">\n\t\t\t\t<div class=\"elementor-element elementor-element-83ec561 elementor-align-center elementor-widget elementor-widget-button\" data-id=\"83ec561\" data-element_type=\"widget\" data-widget_type=\"button.default\">\n\t\t\t\t<div class=\"elementor-widget-container\">\n\t\t\t\t\t<div class=\"elementor-button-wrapper\">\n\t\t\t<a class=\"elementor-button elementor-button-link elementor-size-sm\" href=\"https:\/\/desk.community\/spaces\/r5cPAlpkt45xG1qN2pvS\" target=\"_blank\">\n\t\t\t\t\t\t<span class=\"elementor-button-content-wrapper\">\n\t\t\t\t\t\t\t\t\t<span class=\"elementor-button-text\">Retrouvez nos espaces<\/span>\n\t\t\t\t\t<\/span>\n\t\t\t\t\t<\/a>\n\t\t<\/div>\n\t\t\t\t<\/div>\n\t\t\t\t<\/div>\n\t\t\t\t\t<\/div>\n\t\t\t\t<\/div>\n\t\t<div class=\"elementor-element elementor-element-f33a955 e-flex e-con-boxed e-con e-parent\" data-id=\"f33a955\" data-element_type=\"container\">\n\t\t\t\t\t<div class=\"e-con-inner\">\n\t\t\t\t<div class=\"elementor-element elementor-element-75399b3 elementor-widget elementor-widget-spacer\" data-id=\"75399b3\" data-element_type=\"widget\" data-widget_type=\"spacer.default\">\n\t\t\t\t<div class=\"elementor-widget-container\">\n\t\t\t\t\t<div class=\"elementor-spacer\">\n\t\t\t<div class=\"elementor-spacer-inner\"><\/div>\n\t\t<\/div>\n\t\t\t\t<\/div>\n\t\t\t\t<\/div>\n\t\t\t\t\t<\/div>\n\t\t\t\t<\/div>\n\t\t<div class=\"elementor-element elementor-element-64ea122 e-flex e-con-boxed e-con e-parent\" data-id=\"64ea122\" data-element_type=\"container\">\n\t\t\t\t\t<div class=\"e-con-inner\">\n\t\t\t\t<div class=\"elementor-element elementor-element-0bb8efc elementor-widget elementor-widget-spacer\" data-id=\"0bb8efc\" data-element_type=\"widget\" data-widget_type=\"spacer.default\">\n\t\t\t\t<div class=\"elementor-widget-container\">\n\t\t\t\t\t<div class=\"elementor-spacer\">\n\t\t\t<div class=\"elementor-spacer-inner\"><\/div>\n\t\t<\/div>\n\t\t\t\t<\/div>\n\t\t\t\t<\/div>\n\t\t\t\t\t<\/div>\n\t\t\t\t<\/div>\n\t\t\t\t<\/div>\n\t\t","protected":false},"excerpt":{"rendered":"<p>La plaine des possibles Un lieu unique de coworking et de formation au c\u0153ur de la plaine dijonnaise. Bureaux partag\u00e9s, formations innovantes, et bilan de comp\u00e9tences : tout ce dont vous avez besoin pour d\u00e9velopper vos projets dans un cadre inspirant, au plus pr\u00e8s de la nature. Bienvenu.e Explorez, cr\u00e9ez, \u00e9voluez. La Plaine des Possibles, [&hellip;]<\/p>\n","protected":false},"author":1,"featured_media":0,"parent":0,"menu_order":0,"comment_status":"closed","ping_status":"closed","template":"elementor_header_footer","meta":{"footnotes":""},"class_list":["post-60","page","type-page","status-publish","hentry"],"_links":{"self":[{"href":"https:\/\/laplainedespossibles.fr\/index.php\/wp-json\/wp\/v2\/pages\/60","targetHints":{"allow":["GET"]}}],"collection":[{"href":"https:\/\/laplainedespossibles.fr\/index.php\/wp-json\/wp\/v2\/pages"}],"about":[{"href":"https:\/\/laplainedespossibles.fr\/index.php\/wp-json\/wp\/v2\/types\/page"}],"author":[{"embeddable":true,"href":"https:\/\/laplainedespossibles.fr\/index.php\/wp-json\/wp\/v2\/users\/1"}],"replies":[{"embeddable":true,"href":"https:\/\/laplainedespossibles.fr\/index.php\/wp-json\/wp\/v2\/comments?post=60"}],"version-history":[{"count":55,"href":"https:\/\/laplainedespossibles.fr\/index.php\/wp-json\/wp\/v2\/pages\/60\/revisions"}],"predecessor-version":[{"id":262,"href":"https:\/\/laplainedespossibles.fr\/index.php\/wp-json\/wp\/v2\/pages\/60\/revisions\/262"}],"wp:attachment":[{"href":"https:\/\/laplainedespossibles.fr\/index.php\/wp-json\/wp\/v2\/media?parent=60"}],"curies":[{"name":"wp","href":"https:\/\/api.w.org\/{rel}","templated":true}]}}