{"id":95,"date":"2024-10-24T15:02:57","date_gmt":"2024-10-24T13:02:57","guid":{"rendered":"http:\/\/laplainedespossibles.fr\/?page_id=95"},"modified":"2024-11-28T16:53:43","modified_gmt":"2024-11-28T15:53:43","slug":"nos-espaces-2","status":"publish","type":"page","link":"https:\/\/laplainedespossibles.fr\/index.php\/nos-espaces-2\/","title":{"rendered":"Nos espaces"},"content":{"rendered":"\t\t<div data-elementor-type=\"wp-page\" data-elementor-id=\"95\" class=\"elementor elementor-95\">\n\t\t\t\t<div class=\"elementor-element elementor-element-7767a92 e-flex e-con-boxed e-con e-parent\" data-id=\"7767a92\" data-element_type=\"container\">\n\t\t\t\t\t<div class=\"e-con-inner\">\n\t\t\t\t<div class=\"elementor-element elementor-element-382b546 elementor-widget elementor-widget-spacer\" data-id=\"382b546\" data-element_type=\"widget\" data-widget_type=\"spacer.default\">\n\t\t\t\t<div class=\"elementor-widget-container\">\n\t\t\t\t\t<div class=\"elementor-spacer\">\n\t\t\t<div class=\"elementor-spacer-inner\"><\/div>\n\t\t<\/div>\n\t\t\t\t<\/div>\n\t\t\t\t<\/div>\n\t\t\t\t<div class=\"elementor-element elementor-element-f781bf9 elementor-widget elementor-widget-text-editor\" data-id=\"f781bf9\" data-element_type=\"widget\" data-widget_type=\"text-editor.default\">\n\t\t\t\t<div class=\"elementor-widget-container\">\n\t\t\t\t\t\t\t<p>Que vous ayez besoin d\u2019un espace priv\u00e9 pour vous concentrer ou d\u2019un lieu pour collaborer, <em>La Plaine des Possibles<\/em> met \u00e0 votre disposition des bureaux modulables et une salle de formation, con\u00e7us pour r\u00e9pondre \u00e0 vos besoins professionnels. Nos espaces sont flexibles, vous permettant d\u2019am\u00e9nager votre travail \u00e0 votre mani\u00e8re.<\/p><p>Notre cuisine partag\u00e9e est \u00e0 disposition pour que vous puissiez profiter de pauses conviviales et relaxantes.<\/p><p>\u00c9quip\u00e9e d\u2019un micro-ondes, d\u2019une bouilloire, d\u2019une machine \u00e0 caf\u00e9 et d\u2019un frigo, tout est pr\u00e9vu pour que vous puissiez vous restaurer ou vous d\u00e9tendre dans un espace convivial.<\/p><p>Tous nos espaces, qu&rsquo;il s&rsquo;agisse des bureaux ou des espaces communs, sont enti\u00e8rement accessibles aux personnes \u00e0 mobilit\u00e9 r\u00e9duite, afin de garantir un lieu inclusif et adapt\u00e9 \u00e0 chacun.<\/p>\t\t\t\t\t\t<\/div>\n\t\t\t\t<\/div>\n\t\t\t\t<div class=\"elementor-element elementor-element-3bf9289 elementor-widget elementor-widget-spacer\" data-id=\"3bf9289\" data-element_type=\"widget\" data-widget_type=\"spacer.default\">\n\t\t\t\t<div class=\"elementor-widget-container\">\n\t\t\t\t\t<div class=\"elementor-spacer\">\n\t\t\t<div class=\"elementor-spacer-inner\"><\/div>\n\t\t<\/div>\n\t\t\t\t<\/div>\n\t\t\t\t<\/div>\n\t\t\t\t\t<\/div>\n\t\t\t\t<\/div>\n\t\t<div class=\"elementor-element elementor-element-db02956 e-con-full e-flex e-con e-parent\" data-id=\"db02956\" data-element_type=\"container\">\n\t\t<div class=\"elementor-element elementor-element-868a4f8 e-con-full e-flex e-con e-child\" data-id=\"868a4f8\" data-element_type=\"container\">\n\t\t\t\t<div class=\"elementor-element elementor-element-7a36524 elementor-widget elementor-widget-text-editor\" data-id=\"7a36524\" data-element_type=\"widget\" data-widget_type=\"text-editor.default\">\n\t\t\t\t<div class=\"elementor-widget-container\">\n\t\t\t\t\t\t\t<h5>Bureau Chardonnay<\/h5>\t\t\t\t\t\t<\/div>\n\t\t\t\t<\/div>\n\t\t\t\t<div class=\"elementor-element elementor-element-ab8a3ca elementor-widget elementor-widget-text-editor\" data-id=\"ab8a3ca\" data-element_type=\"widget\" data-widget_type=\"text-editor.default\">\n\t\t\t\t<div class=\"elementor-widget-container\">\n\t\t\t\t\t\t\t<p>Le bureau <strong>Chardonnay<\/strong> est id\u00e9al pour ceux qui recherchent un espace \u00e0 la fois intime et optimis\u00e9. Que vous travailliez seul ou avec un collaborateur, cet espace s\u2019adapte \u00e0 vos exigences avec son agencement modulable. Profitez d\u2019un environnement calme et propice \u00e0 la productivit\u00e9.\u00a0<\/p><p>Superficie de 13,5m2<\/p><p>Bureau Assis\/debout &#8211; chaise ergonomique &#8211; Chaises de r\u00e9ception<\/p><p>A partir de 480 \u20ac H.T \/ mois<\/p>\t\t\t\t\t\t<\/div>\n\t\t\t\t<\/div>\n\t\t\t\t<\/div>\n\t\t<div class=\"elementor-element elementor-element-c2e9e34 e-con-full e-flex e-con e-child\" data-id=\"c2e9e34\" data-element_type=\"container\">\n\t\t\t\t<div class=\"elementor-element elementor-element-c1e42fa elementor-widget elementor-widget-image\" data-id=\"c1e42fa\" data-element_type=\"widget\" data-widget_type=\"image.default\">\n\t\t\t\t<div class=\"elementor-widget-container\">\n\t\t\t\t\t\t\t\t\t\t\t\t\t<img fetchpriority=\"high\" decoding=\"async\" width=\"800\" height=\"800\" src=\"https:\/\/laplainedespossibles.fr\/wp-content\/uploads\/2024\/11\/Photos-local-1024x1024.png\" class=\"attachment-large size-large wp-image-162\" alt=\"\" srcset=\"https:\/\/laplainedespossibles.fr\/wp-content\/uploads\/2024\/11\/Photos-local-1024x1024.png 1024w, https:\/\/laplainedespossibles.fr\/wp-content\/uploads\/2024\/11\/Photos-local-300x300.png 300w, https:\/\/laplainedespossibles.fr\/wp-content\/uploads\/2024\/11\/Photos-local-150x150.png 150w, https:\/\/laplainedespossibles.fr\/wp-content\/uploads\/2024\/11\/Photos-local-768x768.png 768w, https:\/\/laplainedespossibles.fr\/wp-content\/uploads\/2024\/11\/Photos-local.png 1080w\" sizes=\"(max-width: 800px) 100vw, 800px\" \/>\t\t\t\t\t\t\t\t\t\t\t\t\t<\/div>\n\t\t\t\t<\/div>\n\t\t\t\t<div class=\"elementor-element elementor-element-eb5a8cc elementor-widget elementor-widget-spacer\" data-id=\"eb5a8cc\" data-element_type=\"widget\" data-widget_type=\"spacer.default\">\n\t\t\t\t<div class=\"elementor-widget-container\">\n\t\t\t\t\t<div class=\"elementor-spacer\">\n\t\t\t<div class=\"elementor-spacer-inner\"><\/div>\n\t\t<\/div>\n\t\t\t\t<\/div>\n\t\t\t\t<\/div>\n\t\t\t\t<\/div>\n\t\t\t\t<\/div>\n\t\t<div class=\"elementor-element elementor-element-208d0a2 e-con-full e-flex e-con e-parent\" data-id=\"208d0a2\" data-element_type=\"container\">\n\t\t<div class=\"elementor-element elementor-element-b628313 e-con-full e-flex e-con e-child\" data-id=\"b628313\" data-element_type=\"container\">\n\t\t\t\t<div class=\"elementor-element elementor-element-2d983b7 elementor-widget elementor-widget-text-editor\" data-id=\"2d983b7\" data-element_type=\"widget\" data-widget_type=\"text-editor.default\">\n\t\t\t\t<div class=\"elementor-widget-container\">\n\t\t\t\t\t\t\t<h5>Bureau Pinot<\/h5>\t\t\t\t\t\t<\/div>\n\t\t\t\t<\/div>\n\t\t\t\t<div class=\"elementor-element elementor-element-0411333 elementor-widget elementor-widget-text-editor\" data-id=\"0411333\" data-element_type=\"widget\" data-widget_type=\"text-editor.default\">\n\t\t\t\t<div class=\"elementor-widget-container\">\n\t\t\t\t\t\t\t<p>Avec le bureau <strong>Pinot<\/strong>, vous b\u00e9n\u00e9ficiez non seulement d\u2019un espace int\u00e9rieur confortable, mais aussi d\u2019un acc\u00e8s direct au jardin. <br \/>Cet espace vous permet de faire une pause au grand air ou d\u2019organiser des r\u00e9unions en toute tranquillit\u00e9. Parfait pour allier concentration et moments de ressourcement en ext\u00e9rieur.<br \/>Le bureau peut accueillir de 1 \u00e0 4 personnes<\/p><p>Bureau Assis\/debout &#8211; chaise ergonomique &#8211; Chaises de r\u00e9ception<\/p><p>A partir de 520 \u20ac H.T \/ mois<\/p>\t\t\t\t\t\t<\/div>\n\t\t\t\t<\/div>\n\t\t\t\t<\/div>\n\t\t<div class=\"elementor-element elementor-element-1531a67 e-con-full e-flex e-con e-child\" data-id=\"1531a67\" data-element_type=\"container\">\n\t\t\t\t<div class=\"elementor-element elementor-element-d5c3538 elementor-widget elementor-widget-image\" data-id=\"d5c3538\" data-element_type=\"widget\" data-widget_type=\"image.default\">\n\t\t\t\t<div class=\"elementor-widget-container\">\n\t\t\t\t\t\t\t\t\t\t\t\t\t<img decoding=\"async\" width=\"800\" height=\"800\" src=\"https:\/\/laplainedespossibles.fr\/wp-content\/uploads\/2024\/11\/Design-sans-titre-78-1024x1024.png\" class=\"attachment-large size-large wp-image-160\" alt=\"\" srcset=\"https:\/\/laplainedespossibles.fr\/wp-content\/uploads\/2024\/11\/Design-sans-titre-78-1024x1024.png 1024w, https:\/\/laplainedespossibles.fr\/wp-content\/uploads\/2024\/11\/Design-sans-titre-78-300x300.png 300w, https:\/\/laplainedespossibles.fr\/wp-content\/uploads\/2024\/11\/Design-sans-titre-78-150x150.png 150w, https:\/\/laplainedespossibles.fr\/wp-content\/uploads\/2024\/11\/Design-sans-titre-78-768x768.png 768w, https:\/\/laplainedespossibles.fr\/wp-content\/uploads\/2024\/11\/Design-sans-titre-78.png 1080w\" sizes=\"(max-width: 800px) 100vw, 800px\" \/>\t\t\t\t\t\t\t\t\t\t\t\t\t<\/div>\n\t\t\t\t<\/div>\n\t\t\t\t<div class=\"elementor-element elementor-element-541a65b elementor-widget elementor-widget-spacer\" data-id=\"541a65b\" data-element_type=\"widget\" data-widget_type=\"spacer.default\">\n\t\t\t\t<div class=\"elementor-widget-container\">\n\t\t\t\t\t<div class=\"elementor-spacer\">\n\t\t\t<div class=\"elementor-spacer-inner\"><\/div>\n\t\t<\/div>\n\t\t\t\t<\/div>\n\t\t\t\t<\/div>\n\t\t\t\t<\/div>\n\t\t\t\t<\/div>\n\t\t<div class=\"elementor-element elementor-element-aaf7e49 e-con-full e-flex e-con e-parent\" data-id=\"aaf7e49\" data-element_type=\"container\">\n\t\t<div class=\"elementor-element elementor-element-75b5f0e e-con-full e-flex e-con e-child\" data-id=\"75b5f0e\" data-element_type=\"container\">\n\t\t\t\t<div class=\"elementor-element elementor-element-f570065 elementor-widget elementor-widget-text-editor\" data-id=\"f570065\" data-element_type=\"widget\" data-widget_type=\"text-editor.default\">\n\t\t\t\t<div class=\"elementor-widget-container\">\n\t\t\t\t\t\t\t<h5>Bureau Riesling<\/h5>\t\t\t\t\t\t<\/div>\n\t\t\t\t<\/div>\n\t\t\t\t<div class=\"elementor-element elementor-element-99ae923 elementor-widget elementor-widget-text-editor\" data-id=\"99ae923\" data-element_type=\"widget\" data-widget_type=\"text-editor.default\">\n\t\t\t\t<div class=\"elementor-widget-container\">\n\t\t\t\t\t\t\t<p>Le bureau <strong>Riesling<\/strong> est spacieux et polyvalent, adapt\u00e9 aussi bien pour une utilisation individuelle que pour des sessions de travail collaboratif.<\/p><p>Modulable selon vos besoins, c\u2019est un espace pratique qui favorise l&rsquo;efficacit\u00e9 au quotidien.<br \/>Le bureau peut accueillir de 1 \u00e0 4 personnes<\/p><p>Bureau Assis\/debout &#8211; chaise ergonomique &#8211; Chaises de r\u00e9ception<\/p><p>A partir de 520 \u20ac H.T \/ mois<\/p>\t\t\t\t\t\t<\/div>\n\t\t\t\t<\/div>\n\t\t\t\t<\/div>\n\t\t<div class=\"elementor-element elementor-element-0fc262c e-con-full e-flex e-con e-child\" data-id=\"0fc262c\" data-element_type=\"container\">\n\t\t\t\t<div class=\"elementor-element elementor-element-6e97a3f elementor-widget elementor-widget-image\" data-id=\"6e97a3f\" data-element_type=\"widget\" data-widget_type=\"image.default\">\n\t\t\t\t<div class=\"elementor-widget-container\">\n\t\t\t\t\t\t\t\t\t\t\t\t\t<img decoding=\"async\" width=\"800\" height=\"800\" src=\"https:\/\/laplainedespossibles.fr\/wp-content\/uploads\/2024\/10\/Copie-de-Sans-titre-7-1024x1024.png\" class=\"attachment-large size-large wp-image-143\" alt=\"\" srcset=\"https:\/\/laplainedespossibles.fr\/wp-content\/uploads\/2024\/10\/Copie-de-Sans-titre-7-1024x1024.png 1024w, https:\/\/laplainedespossibles.fr\/wp-content\/uploads\/2024\/10\/Copie-de-Sans-titre-7-300x300.png 300w, https:\/\/laplainedespossibles.fr\/wp-content\/uploads\/2024\/10\/Copie-de-Sans-titre-7-150x150.png 150w, https:\/\/laplainedespossibles.fr\/wp-content\/uploads\/2024\/10\/Copie-de-Sans-titre-7-768x768.png 768w, https:\/\/laplainedespossibles.fr\/wp-content\/uploads\/2024\/10\/Copie-de-Sans-titre-7.png 1080w\" sizes=\"(max-width: 800px) 100vw, 800px\" \/>\t\t\t\t\t\t\t\t\t\t\t\t\t<\/div>\n\t\t\t\t<\/div>\n\t\t\t\t<div class=\"elementor-element elementor-element-13cd43a elementor-widget elementor-widget-spacer\" data-id=\"13cd43a\" data-element_type=\"widget\" data-widget_type=\"spacer.default\">\n\t\t\t\t<div class=\"elementor-widget-container\">\n\t\t\t\t\t<div class=\"elementor-spacer\">\n\t\t\t<div class=\"elementor-spacer-inner\"><\/div>\n\t\t<\/div>\n\t\t\t\t<\/div>\n\t\t\t\t<\/div>\n\t\t\t\t<\/div>\n\t\t\t\t<\/div>\n\t\t<div class=\"elementor-element elementor-element-29d01cc e-con-full e-flex e-con e-parent\" data-id=\"29d01cc\" data-element_type=\"container\">\n\t\t<div class=\"elementor-element elementor-element-874cdf1 e-con-full e-flex e-con e-child\" data-id=\"874cdf1\" data-element_type=\"container\">\n\t\t\t\t<div class=\"elementor-element elementor-element-21caff1 elementor-widget elementor-widget-text-editor\" data-id=\"21caff1\" data-element_type=\"widget\" data-widget_type=\"text-editor.default\">\n\t\t\t\t<div class=\"elementor-widget-container\">\n\t\t\t\t\t\t\t<h5>Salle de Formation Yquem<\/h5>\t\t\t\t\t\t<\/div>\n\t\t\t\t<\/div>\n\t\t\t\t<div class=\"elementor-element elementor-element-e038ae8 elementor-widget elementor-widget-text-editor\" data-id=\"e038ae8\" data-element_type=\"widget\" data-widget_type=\"text-editor.default\">\n\t\t\t\t<div class=\"elementor-widget-container\">\n\t\t\t\t\t\t\t<p>Que ce soit pour des r\u00e9unions, des ateliers ou des formations, la salle <strong>Yquem<\/strong> est \u00e9quip\u00e9e pour accueillir jusqu\u2019\u00e0 10 personnes dans un cadre moderne et adaptable.<\/p><p>Avec un mobilier flexible et des \u00e9quipements comme un vid\u00e9oprojecteur, un paperboard et une connexion Wi-Fi haut d\u00e9bit, vous pourrez cr\u00e9er un environnement de travail collaboratif et dynamique.<\/p><p>A partir de 150 \u20ac H.T la demie-journ\u00e9e<\/p>\t\t\t\t\t\t<\/div>\n\t\t\t\t<\/div>\n\t\t\t\t<\/div>\n\t\t<div class=\"elementor-element elementor-element-e8f9865 e-con-full e-flex e-con e-child\" data-id=\"e8f9865\" data-element_type=\"container\">\n\t\t\t\t<div class=\"elementor-element elementor-element-f63457f elementor-widget elementor-widget-image\" data-id=\"f63457f\" data-element_type=\"widget\" data-widget_type=\"image.default\">\n\t\t\t\t<div class=\"elementor-widget-container\">\n\t\t\t\t\t\t\t\t\t\t\t\t\t<img loading=\"lazy\" decoding=\"async\" width=\"800\" height=\"800\" src=\"https:\/\/laplainedespossibles.fr\/wp-content\/uploads\/2024\/10\/Copie-de-Sans-titre-5-1024x1024.png\" class=\"attachment-large size-large wp-image-131\" alt=\"\" srcset=\"https:\/\/laplainedespossibles.fr\/wp-content\/uploads\/2024\/10\/Copie-de-Sans-titre-5-1024x1024.png 1024w, https:\/\/laplainedespossibles.fr\/wp-content\/uploads\/2024\/10\/Copie-de-Sans-titre-5-300x300.png 300w, https:\/\/laplainedespossibles.fr\/wp-content\/uploads\/2024\/10\/Copie-de-Sans-titre-5-150x150.png 150w, https:\/\/laplainedespossibles.fr\/wp-content\/uploads\/2024\/10\/Copie-de-Sans-titre-5-768x768.png 768w, https:\/\/laplainedespossibles.fr\/wp-content\/uploads\/2024\/10\/Copie-de-Sans-titre-5.png 1080w\" sizes=\"(max-width: 800px) 100vw, 800px\" \/>\t\t\t\t\t\t\t\t\t\t\t\t\t<\/div>\n\t\t\t\t<\/div>\n\t\t\t\t<div class=\"elementor-element elementor-element-ee7b459 elementor-widget elementor-widget-spacer\" data-id=\"ee7b459\" data-element_type=\"widget\" data-widget_type=\"spacer.default\">\n\t\t\t\t<div class=\"elementor-widget-container\">\n\t\t\t\t\t<div class=\"elementor-spacer\">\n\t\t\t<div class=\"elementor-spacer-inner\"><\/div>\n\t\t<\/div>\n\t\t\t\t<\/div>\n\t\t\t\t<\/div>\n\t\t\t\t<\/div>\n\t\t\t\t<\/div>\n\t\t<div class=\"elementor-element elementor-element-ae47559 e-con-full e-flex e-con e-parent\" data-id=\"ae47559\" data-element_type=\"container\">\n\t\t<div class=\"elementor-element elementor-element-c4d7452 e-con-full e-flex e-con e-child\" data-id=\"c4d7452\" data-element_type=\"container\">\n\t\t\t\t<div class=\"elementor-element elementor-element-e1d2d94 elementor-widget elementor-widget-text-editor\" data-id=\"e1d2d94\" data-element_type=\"widget\" data-widget_type=\"text-editor.default\">\n\t\t\t\t<div class=\"elementor-widget-container\">\n\t\t\t\t\t\t\t<p>Besoin d&rsquo;un lieu pour travailler au calme, entourer d&rsquo;autres entrepreneurs.es ?<\/p><p>Profitez d\u2019un cadre <strong>lumineux, spacieux et chaleureux<\/strong>, o\u00f9 chaque rayon de soleil et chaque vue sur l\u2019ext\u00e9rieur stimule vos id\u00e9es. Ici, travail et bien-\u00eatre s\u2019unissent pour faire de vos journ\u00e9es une r\u00e9ussite.<\/p><p>\u00a0<\/p><p>A partir de 15\u20ac la demie-journ\u00e9e<\/p>\t\t\t\t\t\t<\/div>\n\t\t\t\t<\/div>\n\t\t\t\t<div class=\"elementor-element elementor-element-875e99d elementor-widget elementor-widget-text-editor\" data-id=\"875e99d\" data-element_type=\"widget\" data-widget_type=\"text-editor.default\">\n\t\t\t\t<div class=\"elementor-widget-container\">\n\t\t\t\t\t\t\t<h5>Open Space Yquem<\/h5>\t\t\t\t\t\t<\/div>\n\t\t\t\t<\/div>\n\t\t\t\t<\/div>\n\t\t<div class=\"elementor-element elementor-element-0a0b48d e-con-full e-flex e-con e-child\" data-id=\"0a0b48d\" data-element_type=\"container\">\n\t\t\t\t<div class=\"elementor-element elementor-element-97fe4ef elementor-widget elementor-widget-image\" data-id=\"97fe4ef\" data-element_type=\"widget\" data-widget_type=\"image.default\">\n\t\t\t\t<div class=\"elementor-widget-container\">\n\t\t\t\t\t\t\t\t\t\t\t\t\t<img loading=\"lazy\" decoding=\"async\" width=\"800\" height=\"800\" src=\"https:\/\/laplainedespossibles.fr\/wp-content\/uploads\/2024\/11\/Photos-local-1-1024x1024.png\" class=\"attachment-large size-large wp-image-163\" alt=\"\" srcset=\"https:\/\/laplainedespossibles.fr\/wp-content\/uploads\/2024\/11\/Photos-local-1-1024x1024.png 1024w, https:\/\/laplainedespossibles.fr\/wp-content\/uploads\/2024\/11\/Photos-local-1-300x300.png 300w, https:\/\/laplainedespossibles.fr\/wp-content\/uploads\/2024\/11\/Photos-local-1-150x150.png 150w, https:\/\/laplainedespossibles.fr\/wp-content\/uploads\/2024\/11\/Photos-local-1-768x768.png 768w, https:\/\/laplainedespossibles.fr\/wp-content\/uploads\/2024\/11\/Photos-local-1.png 1080w\" sizes=\"(max-width: 800px) 100vw, 800px\" \/>\t\t\t\t\t\t\t\t\t\t\t\t\t<\/div>\n\t\t\t\t<\/div>\n\t\t\t\t<\/div>\n\t\t\t\t<\/div>\n\t\t<div class=\"elementor-element elementor-element-26f381e e-flex e-con-boxed e-con e-parent\" data-id=\"26f381e\" data-element_type=\"container\">\n\t\t\t\t\t<div class=\"e-con-inner\">\n\t\t\t\t<div class=\"elementor-element elementor-element-a980b7d elementor-widget elementor-widget-spacer\" data-id=\"a980b7d\" data-element_type=\"widget\" data-widget_type=\"spacer.default\">\n\t\t\t\t<div class=\"elementor-widget-container\">\n\t\t\t\t\t<div class=\"elementor-spacer\">\n\t\t\t<div class=\"elementor-spacer-inner\"><\/div>\n\t\t<\/div>\n\t\t\t\t<\/div>\n\t\t\t\t<\/div>\n\t\t\t\t<div class=\"elementor-element elementor-element-06b2774 elementor-align-center elementor-widget elementor-widget-button\" data-id=\"06b2774\" data-element_type=\"widget\" data-widget_type=\"button.default\">\n\t\t\t\t<div class=\"elementor-widget-container\">\n\t\t\t\t\t<div class=\"elementor-button-wrapper\">\n\t\t\t<a class=\"elementor-button elementor-button-link elementor-size-sm\" href=\"https:\/\/desk.community\/spaces\/r5cPAlpkt45xG1qN2pvS\" target=\"_blank\">\n\t\t\t\t\t\t<span class=\"elementor-button-content-wrapper\">\n\t\t\t\t\t\t\t\t\t<span class=\"elementor-button-text\">R\u00e9servez un bureau<\/span>\n\t\t\t\t\t<\/span>\n\t\t\t\t\t<\/a>\n\t\t<\/div>\n\t\t\t\t<\/div>\n\t\t\t\t<\/div>\n\t\t\t\t\t<\/div>\n\t\t\t\t<\/div>\n\t\t<div class=\"elementor-element elementor-element-ec802f4 e-flex e-con-boxed e-con e-parent\" data-id=\"ec802f4\" data-element_type=\"container\">\n\t\t\t\t\t<div class=\"e-con-inner\">\n\t\t\t\t<div class=\"elementor-element elementor-element-f3d92a0 elementor-widget elementor-widget-spacer\" data-id=\"f3d92a0\" data-element_type=\"widget\" data-widget_type=\"spacer.default\">\n\t\t\t\t<div class=\"elementor-widget-container\">\n\t\t\t\t\t<div class=\"elementor-spacer\">\n\t\t\t<div class=\"elementor-spacer-inner\"><\/div>\n\t\t<\/div>\n\t\t\t\t<\/div>\n\t\t\t\t<\/div>\n\t\t\t\t\t<\/div>\n\t\t\t\t<\/div>\n\t\t<div class=\"elementor-element elementor-element-67e605d e-flex e-con-boxed e-con e-parent\" data-id=\"67e605d\" data-element_type=\"container\">\n\t\t\t\t\t<div class=\"e-con-inner\">\n\t\t\t\t<div class=\"elementor-element elementor-element-ad8e836 elementor-widget elementor-widget-spacer\" data-id=\"ad8e836\" data-element_type=\"widget\" data-widget_type=\"spacer.default\">\n\t\t\t\t<div class=\"elementor-widget-container\">\n\t\t\t\t\t<div class=\"elementor-spacer\">\n\t\t\t<div class=\"elementor-spacer-inner\"><\/div>\n\t\t<\/div>\n\t\t\t\t<\/div>\n\t\t\t\t<\/div>\n\t\t\t\t\t<\/div>\n\t\t\t\t<\/div>\n\t\t<div class=\"elementor-element elementor-element-5cbb20d e-flex e-con-boxed e-con e-parent\" data-id=\"5cbb20d\" data-element_type=\"container\">\n\t\t\t\t\t<div class=\"e-con-inner\">\n\t\t\t\t<div class=\"elementor-element elementor-element-8f75af8 elementor-widget elementor-widget-spacer\" data-id=\"8f75af8\" data-element_type=\"widget\" data-widget_type=\"spacer.default\">\n\t\t\t\t<div class=\"elementor-widget-container\">\n\t\t\t\t\t<div class=\"elementor-spacer\">\n\t\t\t<div class=\"elementor-spacer-inner\"><\/div>\n\t\t<\/div>\n\t\t\t\t<\/div>\n\t\t\t\t<\/div>\n\t\t\t\t\t<\/div>\n\t\t\t\t<\/div>\n\t\t\t\t<\/div>\n\t\t","protected":false},"excerpt":{"rendered":"<p>Que vous ayez besoin d\u2019un espace priv\u00e9 pour vous concentrer ou d\u2019un lieu pour collaborer, La Plaine des Possibles met \u00e0 votre disposition des bureaux modulables et une salle de formation, con\u00e7us pour r\u00e9pondre \u00e0 vos besoins professionnels. Nos espaces sont flexibles, vous permettant d\u2019am\u00e9nager votre travail \u00e0 votre mani\u00e8re. Notre cuisine partag\u00e9e est \u00e0 [&hellip;]<\/p>\n","protected":false},"author":1,"featured_media":0,"parent":0,"menu_order":0,"comment_status":"closed","ping_status":"closed","template":"","meta":{"footnotes":""},"class_list":["post-95","page","type-page","status-publish","hentry"],"_links":{"self":[{"href":"https:\/\/laplainedespossibles.fr\/index.php\/wp-json\/wp\/v2\/pages\/95","targetHints":{"allow":["GET"]}}],"collection":[{"href":"https:\/\/laplainedespossibles.fr\/index.php\/wp-json\/wp\/v2\/pages"}],"about":[{"href":"https:\/\/laplainedespossibles.fr\/index.php\/wp-json\/wp\/v2\/types\/page"}],"author":[{"embeddable":true,"href":"https:\/\/laplainedespossibles.fr\/index.php\/wp-json\/wp\/v2\/users\/1"}],"replies":[{"embeddable":true,"href":"https:\/\/laplainedespossibles.fr\/index.php\/wp-json\/wp\/v2\/comments?post=95"}],"version-history":[{"count":46,"href":"https:\/\/laplainedespossibles.fr\/index.php\/wp-json\/wp\/v2\/pages\/95\/revisions"}],"predecessor-version":[{"id":274,"href":"https:\/\/laplainedespossibles.fr\/index.php\/wp-json\/wp\/v2\/pages\/95\/revisions\/274"}],"wp:attachment":[{"href":"https:\/\/laplainedespossibles.fr\/index.php\/wp-json\/wp\/v2\/media?parent=95"}],"curies":[{"name":"wp","href":"https:\/\/api.w.org\/{rel}","templated":true}]}}